{"id":9,"date":"2026-01-24T17:38:29","date_gmt":"2026-01-24T17:38:29","guid":{"rendered":"http:\/\/off-m.pl\/?page_id=9"},"modified":"2026-01-24T19:42:38","modified_gmt":"2026-01-24T19:42:38","slug":"fundacja-off-m","status":"publish","type":"page","link":"https:\/\/off-m.pl\/","title":{"rendered":"Zderzamy perspektywy"},"content":{"rendered":"\n<figure class=\"wp-block-image alignwide size-large\"><img loading=\"lazy\" decoding=\"async\" width=\"1024\" height=\"576\" src=\"https:\/\/off-m.pl\/wp-content\/uploads\/2026\/01\/fundacja-1024x576.jpg\" alt=\"\" class=\"wp-image-16\" srcset=\"https:\/\/off-m.pl\/wp-content\/uploads\/2026\/01\/fundacja-1024x576.jpg 1024w, https:\/\/off-m.pl\/wp-content\/uploads\/2026\/01\/fundacja-300x169.jpg 300w, https:\/\/off-m.pl\/wp-content\/uploads\/2026\/01\/fundacja-768x432.jpg 768w, https:\/\/off-m.pl\/wp-content\/uploads\/2026\/01\/fundacja-1536x864.jpg 1536w, https:\/\/off-m.pl\/wp-content\/uploads\/2026\/01\/fundacja-2048x1152.jpg 2048w\" sizes=\"auto, (max-width: 1024px) 100vw, 1024px\" \/><\/figure>\n\n\n\n<blockquote class=\"wp-block-quote has-large-font-size is-layout-flow wp-container-core-quote-is-layout-afb99e97 wp-block-quote-is-layout-flow\" style=\"margin-top:var(--wp--preset--spacing--40);margin-right:var(--wp--preset--spacing--10);margin-bottom:var(--wp--preset--spacing--40);margin-left:var(--wp--preset--spacing--10);padding-top:var(--wp--preset--spacing--20);padding-right:var(--wp--preset--spacing--20);padding-bottom:var(--wp--preset--spacing--20);padding-left:var(--wp--preset--spacing--20)\">\n<h2 class=\"wp-block-heading has-text-align-center\">Kultura. Wsp\u00f3lnota. Odpowiedzialno\u015b\u0107. <\/h2>\n<\/blockquote>\n\n\n\n<pre class=\"wp-block-verse has-text-align-center\"><strong>Fundacja OFF M <\/strong>dzia\u0142a na rzecz rozwoju kultury, sztuki i edukacji, wspieraj\u0105c tw\u00f3rczo\u015b\u0107 artystyczn\u0105 oraz inicjatywy spo\u0142eczne buduj\u0105ce \u015bwiadome<br>i otwarte spo\u0142ecze\u0144stwo. <br><br><strong>Nasz\u0105 misj\u0105<\/strong> jest upowszechnianie kultury, wzmacnianie wra\u017cliwo\u015bci estetycznej oraz tworzenie przestrzeni dialogu, integracji i wsp\u00f3\u0142pracy mi\u0119dzy r\u00f3\u017cnymi \u015brodowiskami. Poprzez dzia\u0142ania artystyczne, edukacyjne i obywatelskie wspieramy r\u00f3wno\u015b\u0107, dost\u0119pno\u015b\u0107 kultury oraz odpowiedzialne uczestnictwo w \u017cyciu spo\u0142ecznym.<\/pre>\n\n\n\n<h2 class=\"wp-block-heading has-text-align-center\">Kontakt<\/h2>\n\n\n\n<p class=\"has-text-align-center\"><strong>Ewa Kaziszko<\/strong> Prezes Zarz\u0105du<br>email: ewa.kaziszko@gmail.com<br>tel.: +48 692162381<\/p>\n\n\n\n<p class=\"has-text-align-center\">Mo\u017cesz wesprze\u0107 dzia\u0142ania Fundacji dokonuj\u0105c wp\u0142aty na nasz rachunek bankowy Santander Bank Polska S.A.<br>Nr konta: <strong>75 1090 2268 0000 0001 6530 6514<\/strong><br>Tytu\u0142 przelewu: Darowizna<\/p>\n\n\n\n<div class=\"wp-block-file aligncenter\"><a id=\"wp-block-file--media-735a1544-8359-42e9-a8de-1be26e51ed91\" href=\"https:\/\/off-m.pl\/wp-content\/uploads\/2026\/01\/STATUT-FUNDACJI-OFF-M.docx\">STATUT FUNDACJI OFF M<\/a><a href=\"https:\/\/off-m.pl\/wp-content\/uploads\/2026\/01\/STATUT-FUNDACJI-OFF-M.docx\" class=\"wp-block-file__button wp-element-button\" download aria-describedby=\"wp-block-file--media-735a1544-8359-42e9-a8de-1be26e51ed91\">Pobierz<\/a><\/div>\n","protected":false},"excerpt":{"rendered":"<p>Kultura. Wsp\u00f3lnota. Odpowiedzialno\u015b\u0107. Fundacja OFF M dzia\u0142a na rzecz rozwoju kultury, sztuki i edukacji, wspieraj\u0105c tw\u00f3rczo\u015b\u0107 artystyczn\u0105 oraz inicjatywy spo\u0142eczne buduj\u0105ce \u015bwiadomei otwarte spo\u0142ecze\u0144stwo. Nasz\u0105 misj\u0105 jest upowszechnianie kultury, wzmacnianie wra\u017cliwo\u015bci estetycznej oraz tworzenie przestrzeni dialogu, integracji i wsp\u00f3\u0142pracy mi\u0119dzy r\u00f3\u017cnymi \u015brodowiskami. Poprzez dzia\u0142ania artystyczne, edukacyjne i obywatelskie wspieramy r\u00f3wno\u015b\u0107, dost\u0119pno\u015b\u0107 kultury oraz odpowiedzialne uczestnictwo [&hellip;]<\/p>\n","protected":false},"author":1,"featured_media":0,"parent":0,"menu_order":0,"comment_status":"closed","ping_status":"closed","template":"","meta":{"footnotes":""},"class_list":["post-9","page","type-page","status-publish","hentry"],"_links":{"self":[{"href":"https:\/\/off-m.pl\/index.php\/wp-json\/wp\/v2\/pages\/9","targetHints":{"allow":["GET"]}}],"collection":[{"href":"https:\/\/off-m.pl\/index.php\/wp-json\/wp\/v2\/pages"}],"about":[{"href":"https:\/\/off-m.pl\/index.php\/wp-json\/wp\/v2\/types\/page"}],"author":[{"embeddable":true,"href":"https:\/\/off-m.pl\/index.php\/wp-json\/wp\/v2\/users\/1"}],"replies":[{"embeddable":true,"href":"https:\/\/off-m.pl\/index.php\/wp-json\/wp\/v2\/comments?post=9"}],"version-history":[{"count":23,"href":"https:\/\/off-m.pl\/index.php\/wp-json\/wp\/v2\/pages\/9\/revisions"}],"predecessor-version":[{"id":70,"href":"https:\/\/off-m.pl\/index.php\/wp-json\/wp\/v2\/pages\/9\/revisions\/70"}],"wp:attachment":[{"href":"https:\/\/off-m.pl\/index.php\/wp-json\/wp\/v2\/media?parent=9"}],"curies":[{"name":"wp","href":"https:\/\/api.w.org\/{rel}","templated":true}]}}